{"id":1114,"date":"2023-08-06T11:39:22","date_gmt":"2023-08-06T16:39:22","guid":{"rendered":"https:\/\/iglesiamisioneradepucallpa.org\/?page_id=1114"},"modified":"2025-05-26T09:59:49","modified_gmt":"2025-05-26T14:59:49","slug":"el-barco","status":"publish","type":"page","link":"https:\/\/iglesiamisioneradepucallpa.org\/en\/el-barco\/","title":{"rendered":"THE BOAT"},"content":{"rendered":"<div class=\"wp-block-cover alignfull wp-duotone-rgb4448102-ffb23d-1\" style=\"margin-top: 0; min-height: 50vh; padding: 4vw;aspect-ratio:unset;\"><img decoding=\"async\" class=\"wp-block-cover__image-background wp-image-334\" src=\"https:\/\/pd.w.org\/2022\/01\/2661f82cd1ba9172.16386413.jpg\" alt=\"\" data-object-fit=\"cover\" \/>\r\n<div class=\"wp-block-cover__inner-container is-layout-flow wp-block-cover-is-layout-flow\">\r\n<div class=\"wp-block-group\"><div class=\"wp-block-group__inner-container is-layout-flow wp-block-group-is-layout-flow\">\r\n<p class=\"has-text-align-center has-text-color\" style=\"color: #ffb23d; font-size: 91px; font-style: normal; font-weight: bold; letter-spacing: -2px; line-height: 0.9; text-transform: uppercase;\">salvemos<\/p>\r\n\r\n\r\n\r\n<p class=\"has-text-align-center has-text-color\" style=\"color: #ffb23d; font-size: 91px; font-style: normal; font-weight: bold; letter-spacing: -2px; line-height: 0.9; text-transform: uppercase;\">el evangelista<\/p>\r\n\r\n\r\n\r\n<div class=\"wp-block-spacer\" style=\"height: 48px;\" aria-hidden=\"true\">\u00a0<\/div>\r\n\r\n\r\n\r\n<div class=\"wp-block-buttons is-content-justification-center is-layout-flex wp-container-core-buttons-is-layout-16018d1d wp-block-buttons-is-layout-flex\">\r\n<div class=\"wp-block-button\"><a class=\"wp-block-button__link has-text-color has-background has-custom-font-size wp-element-button\" style=\"color: #2c3066; background-color: #ffb23d; font-size: 20px; font-style: normal; font-weight: bold; letter-spacing: 1px; text-transform: uppercase; padding: 32px 48px 32px 48px;\" href=\"https:\/\/iglesiamisioneradepucallpa.org\/en\/onboardtogether\/\">informate m\u00e1s<\/a><\/div>\r\n<\/div>\r\n<\/div><\/div>\r\n<\/div>\r\n<\/div>\r\n\r\n\r\n\r\n<p class=\"has-text-align-center has-x-large-font-size\"><strong>El Evangelista<\/strong><\/p>\r\n\r\n\r\n\r\n<p class=\"has-medium-font-size\">\u00a0<\/p>\r\n\r\n\r\n\r\n<figure class=\"wp-block-gallery aligncenter has-nested-images columns-default is-cropped wp-block-gallery-2 is-layout-flex wp-block-gallery-is-layout-flex\">\r\n<figure class=\"wp-block-image size-large\"><a href=\"https:\/\/youtu.be\/oq0FXntRqdY?si=RNo3MvYHeGSS3x-p\"><img loading=\"lazy\" decoding=\"async\" data-id=\"1159\" class=\"alignnone wp-image-1159 size-free_church-thumb-masonry-big\" src=\"https:\/\/iglesiamisioneradepucallpa.org\/wp-content\/uploads\/2023\/08\/el-barco-760x240.jpg\" alt=\"\" width=\"760\" height=\"240\" srcset=\"https:\/\/iglesiamisioneradepucallpa.org\/wp-content\/uploads\/2023\/08\/el-barco-760x240.jpg 760w, https:\/\/iglesiamisioneradepucallpa.org\/wp-content\/uploads\/2023\/08\/el-barco-300x95.jpg 300w, https:\/\/iglesiamisioneradepucallpa.org\/wp-content\/uploads\/2023\/08\/el-barco-1024x323.jpg 1024w, https:\/\/iglesiamisioneradepucallpa.org\/wp-content\/uploads\/2023\/08\/el-barco-768x243.jpg 768w, https:\/\/iglesiamisioneradepucallpa.org\/wp-content\/uploads\/2023\/08\/el-barco-1536x485.jpg 1536w, https:\/\/iglesiamisioneradepucallpa.org\/wp-content\/uploads\/2023\/08\/el-barco-370x117.jpg 370w, https:\/\/iglesiamisioneradepucallpa.org\/wp-content\/uploads\/2023\/08\/el-barco-600x189.jpg 600w, https:\/\/iglesiamisioneradepucallpa.org\/wp-content\/uploads\/2023\/08\/el-barco.jpg 1900w\" sizes=\"auto, (max-width: 760px) 100vw, 760px\" \/><\/a><\/figure>\r\n<\/figure>\r\n\r\n\r\n\r\n<p class=\"has-text-align-center has-medium-font-size\">Nuestra visi\u00f3n es cumplir tres cosas durante los viajes: <strong>evangelizar <\/strong>a los perdidos, <strong>apoyar <\/strong>a los l\u00edderes locales en las comunidades y <strong>entrenar <\/strong>con sana doctrina a la siguiente generaci\u00f3n de misioneros.<\/p>\r\n\r\n\r\n\r\n<div class=\"wp-block-spacer\" style=\"height: 57px;\" aria-hidden=\"true\">\u00a0<\/div>\r\n\r\n\r\n\r\n<div class=\"wp-block-columns is-layout-flex wp-container-core-columns-is-layout-9d6595d7 wp-block-columns-is-layout-flex\">\r\n<div class=\"wp-block-column is-layout-flow wp-block-column-is-layout-flow\">\r\n<p class=\"has-medium-font-size\"><strong>\u201cEl Evangelista\u201d <\/strong>is a boat built to be used as a tool in the fulfillment of the Great Commission along the banks of the Ucayali River in the Peruvian Amazon.<\/p>\r\n<\/div>\r\n\r\n\r\n\r\n<div class=\"wp-block-column is-layout-flow wp-block-column-is-layout-flow\">\r\n<p class=\"has-medium-font-size\"><strong>\u201cEl Evangelista\u201d <\/strong>has been used to bring necessary help to communities with little access and, together with other churches and ministries, they carry missionary teams of doctors, dental assistance and the installation of water filtration systems.<\/p>\r\n<\/div>\r\n<\/div>\r\n\r\n\r\n\r\n<p class=\"has-medium-font-size\">For the past 36 years, Iglesia Evang\u00e9lica Misionera de Pucallpa has partnered with various churches and ministries to evangelize and disciple aboard the boat carrying the gospel of salvation.<\/p>\r\n\r\n\r\n\r\n<div class=\"wp-block-spacer\" style=\"height: 64px;\" aria-hidden=\"true\">\u00a0<\/div>\r\n\r\n\r\n\r\n<p class=\"has-large-font-size\"><strong>El Evangelista cuenta con:<\/strong><\/p>\r\n\r\n\r\n\r\n<ul class=\"wp-block-list\">\r\n<li class=\"has-medium-font-size\">Servicios higi\u00e9nicos suficientes<\/li>\r\n\r\n\r\n\r\n<li class=\"has-medium-font-size\">Personal capacitado y experimentado<\/li>\r\n\r\n\r\n\r\n<li class=\"has-medium-font-size\">Espacio para 50 personas m\u00e1s tripulaci\u00f3n<\/li>\r\n\r\n\r\n\r\n<li class=\"has-medium-font-size\">Cocina equipada<\/li>\r\n\r\n\r\n\r\n<li class=\"has-medium-font-size\">Comedor\/sal\u00f3n multiusos<\/li>\r\n<\/ul>\r\n\r\n\r\n\r\n<div class=\"wp-block-media-text is-stacked-on-mobile\">\r\n<figure class=\"wp-block-media-text__media\"><img loading=\"lazy\" decoding=\"async\" width=\"1024\" height=\"683\" class=\"wp-image-1569 size-full\" src=\"https:\/\/iglesiamisioneradepucallpa.org\/wp-content\/uploads\/2024\/08\/WhatsApp-Image-2022-11-12-at-10.24.40-AM.jpeg\" alt=\"\" srcset=\"https:\/\/iglesiamisioneradepucallpa.org\/wp-content\/uploads\/2024\/08\/WhatsApp-Image-2022-11-12-at-10.24.40-AM.jpeg 1024w, https:\/\/iglesiamisioneradepucallpa.org\/wp-content\/uploads\/2024\/08\/WhatsApp-Image-2022-11-12-at-10.24.40-AM-300x200.jpeg 300w, https:\/\/iglesiamisioneradepucallpa.org\/wp-content\/uploads\/2024\/08\/WhatsApp-Image-2022-11-12-at-10.24.40-AM-768x512.jpeg 768w, https:\/\/iglesiamisioneradepucallpa.org\/wp-content\/uploads\/2024\/08\/WhatsApp-Image-2022-11-12-at-10.24.40-AM-18x12.jpeg 18w, https:\/\/iglesiamisioneradepucallpa.org\/wp-content\/uploads\/2024\/08\/WhatsApp-Image-2022-11-12-at-10.24.40-AM-370x247.jpeg 370w, https:\/\/iglesiamisioneradepucallpa.org\/wp-content\/uploads\/2024\/08\/WhatsApp-Image-2022-11-12-at-10.24.40-AM-760x507.jpeg 760w, https:\/\/iglesiamisioneradepucallpa.org\/wp-content\/uploads\/2024\/08\/WhatsApp-Image-2022-11-12-at-10.24.40-AM-600x400.jpeg 600w\" sizes=\"auto, (max-width: 1024px) 100vw, 1024px\" \/><\/figure>\r\n<div class=\"wp-block-media-text__content\">\r\n<p class=\"has-medium-font-size\"><strong>Nos gustar\u00eda invitarte a abordar la lancha trayendo un equipo o uniendote a un viaje ya planeado de la Iglesia Misionera, o donando para adquirir el combustible y el mantenimiento de la lancha.<\/strong><\/p>\r\n<\/div>\r\n<\/div>\r\n\r\n\r\n\r\n<p class=\"has-medium-font-size\">\u00a0<\/p>\r\n\r\n\r\n\r\n<p class=\"has-text-align-center has-large-font-size\"><br \/>To receive more information about dates, current route and future projects you can call<\/p>\r\n\r\n\r\n\r\n<p class=\"has-text-align-center has-large-font-size\"><strong>+51 939 305 478<\/strong> or write to <strong>iempuc@hotmail.com<\/strong><\/p>","protected":false},"excerpt":{"rendered":"<p>El Evangelista \u00a0 Nuestra visi\u00f3n es cumplir tres cosas durante los viajes: evangelizar a los perdidos, apoyar a los l\u00edderes locales en las comunidades y entrenar con sana doctrina a la siguiente generaci\u00f3n de misioneros. \u201cEl Evangelista\u201d es una embarcaci\u00f3n&hellip;<\/p>","protected":false},"author":2,"featured_media":1159,"parent":0,"menu_order":0,"comment_status":"closed","ping_status":"closed","template":"","meta":{"footnotes":""},"class_list":["post-1114","page","type-page","status-publish","has-post-thumbnail","hentry"],"_links":{"self":[{"href":"https:\/\/iglesiamisioneradepucallpa.org\/en\/wp-json\/wp\/v2\/pages\/1114","targetHints":{"allow":["GET"]}}],"collection":[{"href":"https:\/\/iglesiamisioneradepucallpa.org\/en\/wp-json\/wp\/v2\/pages"}],"about":[{"href":"https:\/\/iglesiamisioneradepucallpa.org\/en\/wp-json\/wp\/v2\/types\/page"}],"author":[{"embeddable":true,"href":"https:\/\/iglesiamisioneradepucallpa.org\/en\/wp-json\/wp\/v2\/users\/2"}],"replies":[{"embeddable":true,"href":"https:\/\/iglesiamisioneradepucallpa.org\/en\/wp-json\/wp\/v2\/comments?post=1114"}],"version-history":[{"count":23,"href":"https:\/\/iglesiamisioneradepucallpa.org\/en\/wp-json\/wp\/v2\/pages\/1114\/revisions"}],"predecessor-version":[{"id":1776,"href":"https:\/\/iglesiamisioneradepucallpa.org\/en\/wp-json\/wp\/v2\/pages\/1114\/revisions\/1776"}],"wp:featuredmedia":[{"embeddable":true,"href":"https:\/\/iglesiamisioneradepucallpa.org\/en\/wp-json\/wp\/v2\/media\/1159"}],"wp:attachment":[{"href":"https:\/\/iglesiamisioneradepucallpa.org\/en\/wp-json\/wp\/v2\/media?parent=1114"}],"curies":[{"name":"wp","href":"https:\/\/api.w.org\/{rel}","templated":true}]}}