{"id":1118,"date":"2023-08-06T11:53:11","date_gmt":"2023-08-06T16:53:11","guid":{"rendered":"https:\/\/iglesiamisioneradepucallpa.org\/?page_id=1118"},"modified":"2023-08-10T14:42:47","modified_gmt":"2023-08-10T19:42:47","slug":"el-parque","status":"publish","type":"page","link":"https:\/\/iglesiamisioneradepucallpa.org\/en\/el-parque\/","title":{"rendered":"THE PARK"},"content":{"rendered":"<p class=\"has-large-font-size\"><strong>THE PARK<\/strong><\/p>\n\n\n\n<p class=\"has-medium-font-size\"><strong>\u201cEl Parque\u201d<\/strong> is a piece of land of approximately 4 hectares, owned by the Evangelical Missionary Church of Pucallpa, located 15 kilometers from the city center.<\/p>\n\n\n\n<p class=\"has-medium-font-size\"><br><strong>\u201cEl Parque\u201d <\/strong>has been used to house many groups of children, adolescents, youth and people of all ages to encourage them in their Christian walk and create opportunities to share their faith with visitors seeking answers to their many questions about faith. We seek to provide a safe and affordable environment. The Park is located at a reasonable distance away from the bustle of the city, but also accessible by any public transport.<\/p>\n\n\n\n<p class=\"has-medium-font-size\"><br>Our desire is to serve all the congregations of the city and the different ethnic groups of the Peruvian Amazon for the realization of trainings, camps, spiritual retreats, conferences and walks.<\/p>\n\n\n\n<p class=\"has-medium-font-size\"><br>We also invite you to be part of this ministry. You can help us by praying for the different activities that take place each month or by offering to continue improving the recreational environments, bedrooms, kitchen, and bathrooms.<\/p>\n\n\n\n<p class=\"has-medium-font-size\"><br>To receive more information about available dates or to know how to contribute to the progress of this project, you can call <strong>+51 939 305 478<\/strong> or write to <strong>iempuc@hotmail.com<\/strong><\/p>","protected":false},"excerpt":{"rendered":"<p>El Parque \u201cEl Parque\u201d es un terreno de aproximadamente 4 h\u00e9ctareas, propiedad de la Iglesia Evang\u00e9lica Misionera de Pucallpa, ubicado a 15 kil\u00f3metros del centro de la ciudad. \u201cEl Parque\u201d ha sido usado para albergar a muchos grupos de ni\u00f1os,&hellip;<\/p>","protected":false},"author":2,"featured_media":0,"parent":0,"menu_order":0,"comment_status":"closed","ping_status":"closed","template":"","meta":{"footnotes":""},"class_list":["post-1118","page","type-page","status-publish","hentry"],"_links":{"self":[{"href":"https:\/\/iglesiamisioneradepucallpa.org\/en\/wp-json\/wp\/v2\/pages\/1118","targetHints":{"allow":["GET"]}}],"collection":[{"href":"https:\/\/iglesiamisioneradepucallpa.org\/en\/wp-json\/wp\/v2\/pages"}],"about":[{"href":"https:\/\/iglesiamisioneradepucallpa.org\/en\/wp-json\/wp\/v2\/types\/page"}],"author":[{"embeddable":true,"href":"https:\/\/iglesiamisioneradepucallpa.org\/en\/wp-json\/wp\/v2\/users\/2"}],"replies":[{"embeddable":true,"href":"https:\/\/iglesiamisioneradepucallpa.org\/en\/wp-json\/wp\/v2\/comments?post=1118"}],"version-history":[{"count":3,"href":"https:\/\/iglesiamisioneradepucallpa.org\/en\/wp-json\/wp\/v2\/pages\/1118\/revisions"}],"predecessor-version":[{"id":1153,"href":"https:\/\/iglesiamisioneradepucallpa.org\/en\/wp-json\/wp\/v2\/pages\/1118\/revisions\/1153"}],"wp:attachment":[{"href":"https:\/\/iglesiamisioneradepucallpa.org\/en\/wp-json\/wp\/v2\/media?parent=1118"}],"curies":[{"name":"wp","href":"https:\/\/api.w.org\/{rel}","templated":true}]}}