{"id":1141,"date":"2023-08-10T14:30:12","date_gmt":"2023-08-10T19:30:12","guid":{"rendered":"https:\/\/iglesiamisioneradepucallpa.org\/?page_id=1141"},"modified":"2024-03-14T10:58:49","modified_gmt":"2024-03-14T15:58:49","slug":"exalta","status":"publish","type":"page","link":"https:\/\/iglesiamisioneradepucallpa.org\/en\/exalta\/","title":{"rendered":"EXALTAR"},"content":{"rendered":"<p class=\"has-large-font-size\"><strong>EXALTAR<\/strong><\/p>\n\n\n\n<p class=\"has-medium-font-size\">We exist to glorify God through making gospel-centered disciples.<\/p>\n\n\n\n<p class=\"has-medium-font-size\"><br>Anhelamos ver un movimiento de disc\u00edpulos que hacen disc\u00edpulos y plantan iglesias en casas al rededor de toda Pucallpa.<\/p>\n\n\n\n<p class=\"has-medium-font-size\"><br>We are a church that meets every week to exalt Christ and confess his name (Matthew 16:16). <\/p>\n\n\n\n<p class=\"has-medium-font-size\">According to the Scriptures, our exaltation services should be focused on worshiping God (Psalm 150:1-6; Colossians 3:16-17; Hebrews 13:15-16) and bearing witness to His finished work (1 Corinthians 14 :1-5, 26-33; Ephesians 4:11-16).<\/p>\n\n\n\n<p class=\"has-medium-font-size\"><br>Our exaltation services are centered on the Word of God (the Bible) and the work of God (the Gospel).<\/p>\n\n\n\n<p class=\"has-medium-font-size\"><br>\u2022 We preach the Word of God<br>\u2022 We preach the Word of God<br>\u2022 We pray to God<br>\u2022 We sing to God<br>\u2022 We participate in the Lord's table<br>\u2022 We celebrate the baptism<br>\u2022 We give our offerings<\/p>","protected":false},"excerpt":{"rendered":"<p>EXALTAR Existimos para glorificar a Dios a trav\u00e9s de hacer disc\u00edpulos centrados en el evangelio. Anhelamos ver un movimiento de disc\u00edpulos que hacen disc\u00edpulos y plantan iglesias en casas al rededor de toda Pucallpa. Somos una iglesia que cada semana&hellip;<\/p>","protected":false},"author":2,"featured_media":0,"parent":0,"menu_order":0,"comment_status":"closed","ping_status":"closed","template":"","meta":{"footnotes":""},"class_list":["post-1141","page","type-page","status-publish","hentry"],"_links":{"self":[{"href":"https:\/\/iglesiamisioneradepucallpa.org\/en\/wp-json\/wp\/v2\/pages\/1141","targetHints":{"allow":["GET"]}}],"collection":[{"href":"https:\/\/iglesiamisioneradepucallpa.org\/en\/wp-json\/wp\/v2\/pages"}],"about":[{"href":"https:\/\/iglesiamisioneradepucallpa.org\/en\/wp-json\/wp\/v2\/types\/page"}],"author":[{"embeddable":true,"href":"https:\/\/iglesiamisioneradepucallpa.org\/en\/wp-json\/wp\/v2\/users\/2"}],"replies":[{"embeddable":true,"href":"https:\/\/iglesiamisioneradepucallpa.org\/en\/wp-json\/wp\/v2\/comments?post=1141"}],"version-history":[{"count":5,"href":"https:\/\/iglesiamisioneradepucallpa.org\/en\/wp-json\/wp\/v2\/pages\/1141\/revisions"}],"predecessor-version":[{"id":1411,"href":"https:\/\/iglesiamisioneradepucallpa.org\/en\/wp-json\/wp\/v2\/pages\/1141\/revisions\/1411"}],"wp:attachment":[{"href":"https:\/\/iglesiamisioneradepucallpa.org\/en\/wp-json\/wp\/v2\/media?parent=1141"}],"curies":[{"name":"wp","href":"https:\/\/api.w.org\/{rel}","templated":true}]}}