{"id":1146,"date":"2023-08-10T14:35:28","date_gmt":"2023-08-10T19:35:28","guid":{"rendered":"https:\/\/iglesiamisioneradepucallpa.org\/?page_id=1146"},"modified":"2023-08-10T14:35:30","modified_gmt":"2023-08-10T19:35:30","slug":"edifica","status":"publish","type":"page","link":"https:\/\/iglesiamisioneradepucallpa.org\/en\/edifica\/","title":{"rendered":"BUILD"},"content":{"rendered":"<p class=\"has-large-font-size\"><strong>BUILD<\/strong><\/p>\n\n\n\n<p class=\"has-medium-font-size\">Our goal is to make disciples who grow in their love for God and their neighbors (Matthew 22:37-39).<\/p>\n\n\n\n<p class=\"has-medium-font-size\"><br>To achieve this we encourage all those who have confessed Jesus as their Savior to become part of one of the house churches that meet around our city. (Acts 2:44-47; Hebrews 10:24-25).<\/p>\n\n\n\n<p class=\"has-medium-font-size\"><br>Our pastors and leadership seek spiritual growth through knowledge and understanding of the gospel and how our relationship with Jesus Christ affects our relationships in the community.<\/p>\n\n\n\n<p class=\"has-medium-font-size\"><br>Through house churches we maintain a more intimate and informal setting to worship the Lord, care for one another, study God's Word, and pray for personal needs.<\/p>","protected":false},"excerpt":{"rendered":"<p>EDIFICA Nuestra meta es hacer disc\u00edpulos que crezcan en su amor a Dios a sus pr\u00f3jimos (Mateo 22:37-39). Para lograr esto animamos a todos aquellos que han confesado a Jes\u00fas como su Salvador a formar parte de una de las&hellip;<\/p>","protected":false},"author":2,"featured_media":0,"parent":0,"menu_order":0,"comment_status":"closed","ping_status":"closed","template":"","meta":{"footnotes":""},"class_list":["post-1146","page","type-page","status-publish","hentry"],"_links":{"self":[{"href":"https:\/\/iglesiamisioneradepucallpa.org\/en\/wp-json\/wp\/v2\/pages\/1146","targetHints":{"allow":["GET"]}}],"collection":[{"href":"https:\/\/iglesiamisioneradepucallpa.org\/en\/wp-json\/wp\/v2\/pages"}],"about":[{"href":"https:\/\/iglesiamisioneradepucallpa.org\/en\/wp-json\/wp\/v2\/types\/page"}],"author":[{"embeddable":true,"href":"https:\/\/iglesiamisioneradepucallpa.org\/en\/wp-json\/wp\/v2\/users\/2"}],"replies":[{"embeddable":true,"href":"https:\/\/iglesiamisioneradepucallpa.org\/en\/wp-json\/wp\/v2\/comments?post=1146"}],"version-history":[{"count":1,"href":"https:\/\/iglesiamisioneradepucallpa.org\/en\/wp-json\/wp\/v2\/pages\/1146\/revisions"}],"predecessor-version":[{"id":1147,"href":"https:\/\/iglesiamisioneradepucallpa.org\/en\/wp-json\/wp\/v2\/pages\/1146\/revisions\/1147"}],"wp:attachment":[{"href":"https:\/\/iglesiamisioneradepucallpa.org\/en\/wp-json\/wp\/v2\/media?parent=1146"}],"curies":[{"name":"wp","href":"https:\/\/api.w.org\/{rel}","templated":true}]}}