{"id":1536,"date":"2024-08-06T10:11:51","date_gmt":"2024-08-06T15:11:51","guid":{"rendered":"https:\/\/iglesiamisioneradepucallpa.org\/?page_id=1536"},"modified":"2025-10-10T15:30:40","modified_gmt":"2025-10-10T20:30:40","slug":"bam","status":"publish","type":"page","link":"https:\/\/iglesiamisioneradepucallpa.org\/en\/bam\/","title":{"rendered":"BAM"},"content":{"rendered":"<figure class=\"wp-block-embed is-type-video is-provider-youtube wp-block-embed-youtube wp-embed-aspect-16-9 wp-has-aspect-ratio\"><div class=\"wp-block-embed__wrapper\">\n<iframe loading=\"lazy\" title=\"BoatCamp Aventura Misionera\" width=\"1170\" height=\"658\" src=\"https:\/\/www.youtube.com\/embed\/dPDhxtZUsj4?feature=oembed\" frameborder=\"0\" allow=\"accelerometer; autoplay; clipboard-write; encrypted-media; gyroscope; picture-in-picture; web-share\" referrerpolicy=\"strict-origin-when-cross-origin\" allowfullscreen><\/iframe>\n<\/div><\/figure>\n\n\n\n<p class=\"has-medium-font-size\">El <strong>BoatCamp Aventura Misionera<\/strong>, ofrece incre\u00edbles campamentos misioneros de verano para adolescentes de secundaria. Por casi 2 d\u00e9cadas, nuestra iglesia ha brindado constantemente oportunidades de liderazgo y entrenamiento misionero a trav\u00e9s de nuestros campamentos abordo de El Evangelista.<\/p>\n\n\n\n<p class=\"has-medium-font-size\">Los adolescentes navegan visitando diferentes comunidades ind\u00edgenas de la selva Amaz\u00f3nica usando el servicio comunitario, el deporte y las artes para conectarse con otras personas en necesidad de escuchar el evangelio b\u00edblico.<\/p>\n\n\n\n<p class=\"has-medium-font-size\">Si est\u00e1s buscando un programa misionero lleno de aventuras de verano \u00fanico, has venido al lugar correcto. A trav\u00e9s del aprendizaje pr\u00e1ctico y los viajes por el r\u00edo Ucayali, hemos logrado despertar las habilidades de liderazgo e impartir la visi\u00f3n de la Misi\u00f3n de Dios en cientos de adolescentes.<\/p>\n\n\n\n<p class=\"has-large-font-size\"><strong>LA SELVA AMAZ\u00d3NICA, EL SUE\u00d1O DE TODO AVENTURERO<\/strong><\/p>\n\n\n\n<p class=\"has-medium-font-size\">La ciudad de Pucallpa es considerada como la puerta a la Amazon\u00eda peruana. Lleno de vida y naturaleza. Situada al oriente de la cordillera de los Andes, la regi\u00f3n del Ucayali es hogar de al menos 21 grupos \u00e9tnicos rodeados de una diversidad de flora y fauna extraordinaria; r\u00edos, quebradas y lagunas misteriosas. Este entorno id\u00edlico es perfecto para una amplia gama de actividades f\u00edsicas y experiencias memorables, por lo que no es de extra\u00f1ar que elijamos aqu\u00ed para ofrecer nuestros mayores y m\u00e1s amplios programas de entrenamiento y campamentos de aventuras de verano para adolescentes.<\/p>\n\n\n\n<blockquote class=\"wp-block-quote is-layout-flow wp-block-quote-is-layout-flow\">\n<p class=\"has-text-align-center has-medium-font-size\">\u00a1Devocionales, competencias, deportes, servicio ministerial y exploraci\u00f3n de la naturaleza! \u00a1Te espera el viaje de tu vida en nuestro BoatCamp Avnetura Misionera de verano para adolescentes!<\/p>\n<\/blockquote>\n\n\n\n<div class=\"wp-block-columns are-vertically-aligned-center is-layout-flex wp-container-core-columns-is-layout-9d6595d7 wp-block-columns-is-layout-flex\">\n<div class=\"wp-block-column is-vertically-aligned-center is-layout-flow wp-block-column-is-layout-flow\">\n<p class=\"has-text-align-left has-large-font-size\"><strong>CLASES:<\/strong><\/p>\n\n\n\n<ul class=\"wp-block-list\">\n<li class=\"has-medium-font-size\">Las metas de un misionero<\/li>\n\n\n\n<li class=\"has-medium-font-size\">El mensaje de un misionero<\/li>\n\n\n\n<li class=\"has-medium-font-size\">El m\u00e9todo de un misionero<\/li>\n\n\n\n<li class=\"has-medium-font-size\">El car\u00e1cter de un misionero<\/li>\n\n\n\n<li class=\"has-medium-font-size\">Los dones de un misionero<\/li>\n<\/ul>\n<\/div>\n\n\n\n<div class=\"wp-block-column is-vertically-aligned-center is-layout-flow wp-block-column-is-layout-flow\">\n<p class=\"has-text-align-left has-large-font-size\"><strong>ACTIVIDADES:<\/strong><\/p>\n\n\n\n<ul class=\"wp-block-list\">\n<li class=\"has-medium-font-size\">Competencias de aventura<\/li>\n\n\n\n<li class=\"has-medium-font-size\">Devocionales b\u00edblicos<\/li>\n\n\n\n<li class=\"has-medium-font-size\">Exploraci\u00f3n de la naturaleza<\/li>\n\n\n\n<li class=\"has-medium-font-size\">Fogatas<\/li>\n\n\n\n<li class=\"has-medium-font-size\">Servicio cristiano<\/li>\n<\/ul>\n<\/div>\n<\/div>\n\n\n\n<p class=\"has-medium-font-size\">&nbsp;<\/p>\n\n\n\n<div class=\"wp-block-spacer\" style=\"height: 42px;\" aria-hidden=\"true\">\u00a0<\/div>\n\n\n\n<p class=\"has-text-align-center has-medium-font-size\">El costo incluye viaje y hospedaje en El Evangelista, alimentaci\u00f3n y log\u00edstica.<\/p>\n\n\n\n<p class=\"has-text-align-center has-large-font-size\"><strong>350 soles por persona por toda la semana.<\/strong><\/p>\n\n\n\n<div class=\"wp-block-buttons is-content-justification-center is-layout-flex wp-container-core-buttons-is-layout-16018d1d wp-block-buttons-is-layout-flex\">\n<div class=\"wp-block-button\"><a class=\"wp-block-button__link wp-element-button\" href=\"https:\/\/forms.gle\/UZ58tv8fu9bcLaWP7\">REGISTRATE<\/a><\/div>\n<\/div>\n\n\n\n<p class=\"has-medium-font-size\">Nos gustar\u00eda invitarte a abordar El barco y ser parte de nuestro pr\u00f3ximo BAM o dona para brindar una beca a uno de los adolescentes que desee participar. Para recibir m\u00e1s informaci\u00f3n acerca de fechas, rutas y futuros proyectos puedes llamar al <strong>+51 939 305 478<\/strong>&nbsp;o escribir a&nbsp;shapiama.peru@gmail.com<\/p>\n\n\n\n<p class=\"has-medium-font-size\">&nbsp;<\/p>\n\n\n\n<div class=\"wp-block-buttons is-content-justification-center is-layout-flex wp-container-core-buttons-is-layout-16018d1d wp-block-buttons-is-layout-flex\">\n<div class=\"wp-block-button has-custom-width wp-block-button__width-75\"><a class=\"wp-block-button__link has-text-align-center wp-element-button\" href=\"https:\/\/iglesiamisioneradepucallpa.org\/en\/el-barco\/\">M\u00e1s informaci\u00f3n acerca de El Evangelista<\/a><\/div>\n<\/div>\n\n\n<div class=\"wp-block-image\">\n<figure class=\"aligncenter size-full is-resized\"><a href=\"https:\/\/iglesiamisioneradepucallpa.org\/wp-content\/uploads\/2024\/08\/LOGO-CAMPA-NEGRO.png\"><img loading=\"lazy\" decoding=\"async\" width=\"712\" height=\"674\" src=\"https:\/\/iglesiamisioneradepucallpa.org\/wp-content\/uploads\/2024\/08\/LOGO-CAMPA-NEGRO.png\" alt=\"\" class=\"wp-image-1577\" style=\"width:304px;height:auto\" srcset=\"https:\/\/iglesiamisioneradepucallpa.org\/wp-content\/uploads\/2024\/08\/LOGO-CAMPA-NEGRO.png 712w, https:\/\/iglesiamisioneradepucallpa.org\/wp-content\/uploads\/2024\/08\/LOGO-CAMPA-NEGRO-300x284.png 300w, https:\/\/iglesiamisioneradepucallpa.org\/wp-content\/uploads\/2024\/08\/LOGO-CAMPA-NEGRO-13x12.png 13w, https:\/\/iglesiamisioneradepucallpa.org\/wp-content\/uploads\/2024\/08\/LOGO-CAMPA-NEGRO-370x350.png 370w, https:\/\/iglesiamisioneradepucallpa.org\/wp-content\/uploads\/2024\/08\/LOGO-CAMPA-NEGRO-600x568.png 600w\" sizes=\"auto, (max-width: 712px) 100vw, 712px\" \/><\/a><\/figure>\n<\/div>","protected":false},"excerpt":{"rendered":"<p>El BoatCamp Aventura Misionera, ofrece incre\u00edbles campamentos misioneros de verano para adolescentes de secundaria. Por casi 2 d\u00e9cadas, nuestra iglesia ha brindado constantemente oportunidades de liderazgo y entrenamiento misionero a trav\u00e9s de nuestros campamentos abordo de El Evangelista. Los adolescentes&hellip;<\/p>","protected":false},"author":990003,"featured_media":0,"parent":0,"menu_order":0,"comment_status":"closed","ping_status":"closed","template":"","meta":{"footnotes":""},"class_list":["post-1536","page","type-page","status-publish","hentry"],"_links":{"self":[{"href":"https:\/\/iglesiamisioneradepucallpa.org\/en\/wp-json\/wp\/v2\/pages\/1536","targetHints":{"allow":["GET"]}}],"collection":[{"href":"https:\/\/iglesiamisioneradepucallpa.org\/en\/wp-json\/wp\/v2\/pages"}],"about":[{"href":"https:\/\/iglesiamisioneradepucallpa.org\/en\/wp-json\/wp\/v2\/types\/page"}],"author":[{"embeddable":true,"href":"https:\/\/iglesiamisioneradepucallpa.org\/en\/wp-json\/wp\/v2\/users\/990003"}],"replies":[{"embeddable":true,"href":"https:\/\/iglesiamisioneradepucallpa.org\/en\/wp-json\/wp\/v2\/comments?post=1536"}],"version-history":[{"count":32,"href":"https:\/\/iglesiamisioneradepucallpa.org\/en\/wp-json\/wp\/v2\/pages\/1536\/revisions"}],"predecessor-version":[{"id":1803,"href":"https:\/\/iglesiamisioneradepucallpa.org\/en\/wp-json\/wp\/v2\/pages\/1536\/revisions\/1803"}],"wp:attachment":[{"href":"https:\/\/iglesiamisioneradepucallpa.org\/en\/wp-json\/wp\/v2\/media?parent=1536"}],"curies":[{"name":"wp","href":"https:\/\/api.w.org\/{rel}","templated":true}]}}