{"id":1614,"date":"2024-08-15T10:51:09","date_gmt":"2024-08-15T15:51:09","guid":{"rendered":"https:\/\/iglesiamisioneradepucallpa.org\/?page_id=1614"},"modified":"2024-08-17T10:23:27","modified_gmt":"2024-08-17T15:23:27","slug":"tito-braga","status":"publish","type":"page","link":"https:\/\/iglesiamisioneradepucallpa.org\/en\/tito-braga\/","title":{"rendered":"TITOBRAGA"},"content":{"rendered":"<h1 class=\"wp-block-heading has-text-align-center\">TITO BRAGA Y EL MINISTERIO DEPORTIVO<\/h1>\n\n\n<div class=\"wp-block-image\">\n<figure class=\"aligncenter size-full\"><a href=\"https:\/\/iglesiamisioneradepucallpa.org\/wp-content\/uploads\/2024\/08\/WhatsApp-Image-2024-08-15-at-10.44.19.jpeg\"><img loading=\"lazy\" decoding=\"async\" width=\"778\" height=\"552\" src=\"https:\/\/iglesiamisioneradepucallpa.org\/wp-content\/uploads\/2024\/08\/WhatsApp-Image-2024-08-15-at-10.44.19.jpeg\" alt=\"\" class=\"wp-image-1615\" srcset=\"https:\/\/iglesiamisioneradepucallpa.org\/wp-content\/uploads\/2024\/08\/WhatsApp-Image-2024-08-15-at-10.44.19.jpeg 778w, https:\/\/iglesiamisioneradepucallpa.org\/wp-content\/uploads\/2024\/08\/WhatsApp-Image-2024-08-15-at-10.44.19-300x213.jpeg 300w, https:\/\/iglesiamisioneradepucallpa.org\/wp-content\/uploads\/2024\/08\/WhatsApp-Image-2024-08-15-at-10.44.19-768x545.jpeg 768w, https:\/\/iglesiamisioneradepucallpa.org\/wp-content\/uploads\/2024\/08\/WhatsApp-Image-2024-08-15-at-10.44.19-18x12.jpeg 18w, https:\/\/iglesiamisioneradepucallpa.org\/wp-content\/uploads\/2024\/08\/WhatsApp-Image-2024-08-15-at-10.44.19-370x263.jpeg 370w, https:\/\/iglesiamisioneradepucallpa.org\/wp-content\/uploads\/2024\/08\/WhatsApp-Image-2024-08-15-at-10.44.19-760x539.jpeg 760w, https:\/\/iglesiamisioneradepucallpa.org\/wp-content\/uploads\/2024\/08\/WhatsApp-Image-2024-08-15-at-10.44.19-600x426.jpeg 600w\" sizes=\"auto, (max-width: 778px) 100vw, 778px\" \/><\/a><\/figure>\n<\/div>\n\n\n<p class=\"has-medium-font-size\">Tito naci\u00f3 y creci\u00f3 en Pucallpa, Per\u00fa. Actualmente busca la certificaci\u00f3n para ser un Entrenador de F\u00fatbol Oficial y es graduado del Instituto de Liderazgo Internacional de nuestra iglesia. Tito se uni\u00f3 a la familia de Sports Friends en el 2021 y ha estado trabajando en arduamente en el desarrollo del Ministerio Deportivo para nuestra iglesia y varias otras de nuestra regi\u00f3n. El es el entrenador de nuestro Misioneros F\u00fatbol Club. Tito tiene una gran pasi\u00f3n para usar el deporte para alcanzar almas para Cristo y para equipar a otros entrenadores para usar el bal\u00f3n y la Biblia para hacer discipulos de Jes\u00fas.<\/p>","protected":false},"excerpt":{"rendered":"<p>TITO BRAGA Y EL MINISTERIO DEPORTIVO Tito naci\u00f3 y creci\u00f3 en Pucallpa, Per\u00fa. Actualmente busca la certificaci\u00f3n para ser un Entrenador de F\u00fatbol Oficial y es graduado del Instituto de Liderazgo Internacional de nuestra iglesia. Tito se uni\u00f3 a la&hellip;<\/p>","protected":false},"author":990003,"featured_media":0,"parent":0,"menu_order":0,"comment_status":"closed","ping_status":"closed","template":"","meta":{"footnotes":""},"class_list":["post-1614","page","type-page","status-publish","hentry"],"_links":{"self":[{"href":"https:\/\/iglesiamisioneradepucallpa.org\/en\/wp-json\/wp\/v2\/pages\/1614","targetHints":{"allow":["GET"]}}],"collection":[{"href":"https:\/\/iglesiamisioneradepucallpa.org\/en\/wp-json\/wp\/v2\/pages"}],"about":[{"href":"https:\/\/iglesiamisioneradepucallpa.org\/en\/wp-json\/wp\/v2\/types\/page"}],"author":[{"embeddable":true,"href":"https:\/\/iglesiamisioneradepucallpa.org\/en\/wp-json\/wp\/v2\/users\/990003"}],"replies":[{"embeddable":true,"href":"https:\/\/iglesiamisioneradepucallpa.org\/en\/wp-json\/wp\/v2\/comments?post=1614"}],"version-history":[{"count":7,"href":"https:\/\/iglesiamisioneradepucallpa.org\/en\/wp-json\/wp\/v2\/pages\/1614\/revisions"}],"predecessor-version":[{"id":1627,"href":"https:\/\/iglesiamisioneradepucallpa.org\/en\/wp-json\/wp\/v2\/pages\/1614\/revisions\/1627"}],"wp:attachment":[{"href":"https:\/\/iglesiamisioneradepucallpa.org\/en\/wp-json\/wp\/v2\/media?parent=1614"}],"curies":[{"name":"wp","href":"https:\/\/api.w.org\/{rel}","templated":true}]}}